{"id":5778,"date":"2025-06-24T11:47:49","date_gmt":"2025-06-24T09:47:49","guid":{"rendered":"https:\/\/erfi-staging.seiten.co\/password-reset\/"},"modified":"2025-06-24T11:47:49","modified_gmt":"2025-06-24T09:47:49","slug":"password-reset","status":"publish","type":"page","link":"https:\/\/erfi-staging.seiten.co\/en\/password-reset\/","title":{"rendered":"Passwort zur\u00fccksetzen"},"content":{"rendered":"\n<div class=\"container\">\n\t<div class=\"padding-hor\">\n\t\t<div class=\"um-custom-wrap\">\n\t\t\t<svg width=\"212\" height=\"548\" viewBox=\"0 0 212 548\" fill=\"none\" xmlns=\"http:\/\/www.w3.org\/2000\/svg\">\n<g clip-path=\"url(#clip0_2092_13075)\">\n<rect width=\"100\" height=\"100\" rx=\"50\" fill=\"#F0F1ED\"\/>\n<\/g>\n<g clip-path=\"url(#clip1_2092_13075)\">\n<rect y=\"112\" width=\"100\" height=\"100\" rx=\"50\" fill=\"#E2E6D8\"\/>\n<\/g>\n<g clip-path=\"url(#clip2_2092_13075)\">\n<rect x=\"112\" width=\"100\" height=\"100\" rx=\"50\" fill=\"#E2E6D8\"\/>\n<\/g>\n<g clip-path=\"url(#clip3_2092_13075)\">\n<rect x=\"112\" y=\"112\" width=\"100\" height=\"100\" rx=\"50\" fill=\"#E2E6D8\"\/>\n<\/g>\n<g clip-path=\"url(#clip4_2092_13075)\">\n<path d=\"M112 274C112 246.386 134.386 224 162 224C189.614 224 212 246.386 212 274C212 301.614 189.614 324 162 324C134.386 324 112 301.614 112 274Z\" fill=\"#E2E6D8\"\/>\n<\/g>\n<g clip-path=\"url(#clip5_2092_13075)\">\n<rect x=\"112\" y=\"336\" width=\"100\" height=\"100\" rx=\"50\" fill=\"#F0F1ED\"\/>\n<\/g>\n<g clip-path=\"url(#clip6_2092_13075)\">\n<rect x=\"112\" y=\"448\" width=\"100\" height=\"100\" rx=\"50\" fill=\"#E2E6D8\"\/>\n<\/g>\n<defs>\n<clipPath id=\"clip0_2092_13075\">\n<rect width=\"100\" height=\"100\" rx=\"50\" fill=\"white\"\/>\n<\/clipPath>\n<clipPath id=\"clip1_2092_13075\">\n<rect y=\"112\" width=\"100\" height=\"100\" rx=\"50\" fill=\"white\"\/>\n<\/clipPath>\n<clipPath id=\"clip2_2092_13075\">\n<rect x=\"112\" width=\"100\" height=\"100\" rx=\"50\" fill=\"white\"\/>\n<\/clipPath>\n<clipPath id=\"clip3_2092_13075\">\n<rect x=\"112\" y=\"112\" width=\"100\" height=\"100\" rx=\"50\" fill=\"white\"\/>\n<\/clipPath>\n<clipPath id=\"clip4_2092_13075\">\n<path d=\"M112 274C112 246.386 134.386 224 162 224C189.614 224 212 246.386 212 274C212 301.614 189.614 324 162 324C134.386 324 112 301.614 112 274Z\" fill=\"white\"\/>\n<\/clipPath>\n<clipPath id=\"clip5_2092_13075\">\n<rect x=\"112\" y=\"336\" width=\"100\" height=\"100\" rx=\"50\" fill=\"white\"\/>\n<\/clipPath>\n<clipPath id=\"clip6_2092_13075\">\n<rect x=\"112\" y=\"448\" width=\"100\" height=\"100\" rx=\"50\" fill=\"white\"\/>\n<\/clipPath>\n<\/defs>\n<\/svg>\n\t\t\t<div class=\"bg-white radius-16 um um-password um-um_password_id\">\n\t\t\t\t<div class=\"um-form\">\n\t\t\t\t\t<form method=\"post\" action=\"\">\n\t\t\t\t\t\t<div class=\"um-field-block um-form-title\">\n\t\t\t\t\t\t\t<h3>Forgotten password<\/h3>\n\t\t\t\t\t\t<\/div>\n\t\t\t\t\t\t\n\t\t\t\t\t\t\t<input type=\"hidden\" name=\"_um_password_reset\" id=\"_um_password_reset\" value=\"1\" \/>\n\n\t\t\t\t\t\t\t\t\t\t\t\t\t\t\t<div class=\"um-field um-field-block um-field-type_block\">\n\t\t\t\t\t\t\t\t\t<div class=\"um-field-block\">\n\t\t\t\t\t\t\t\t\t\t<div>\n\t\t\t\t\t\t\t\t\t\t\tTo reset your password, please enter your email address or username below.\t\t\t\t\t\t\t\t\t\t<\/div>\n\t\t\t\t\t\t\t\t\t<\/div>\n\t\t\t\t\t\t\t\t<\/div>\n\t\t\t\t\t\t\t<label for=\"username_b\" class=\"um-field-label um-field-label_mt\">E-Mail<\/label><div  id=\"um_field_0_username_b\" class=\"um-field um-field-text  um-field-username_b um-field-text um-field-type_text\" data-key=\"username_b\"><div class=\"um-field-area\"><input  autocomplete=\"off\" class=\"um-form-field valid \" type=\"text\" name=\"username_b\" id=\"username_b\" value=\"\" placeholder=\"Enter your username or email\" data-validate=\"\" data-key=\"username_b\"  aria-invalid=\"false\" \/>\n\n\t\t\t\t\t\t<\/div><\/div>\n\t\t\t\t\t\t\t<div class=\"um-col-alt um-col-alt-b\">\n\n\t\t\t\t\t\t\t\t<div class=\"um-center\">\n\t\t\t\t\t\t\t\t\t<input type=\"submit\" value=\"Reset password\" class=\"um-button\" id=\"um-submit-btn\" \/>\n\t\t\t\t\t\t\t\t<\/div>\n\n\t\t\t\t\t\t\t\t<div class=\"um-clear\"><\/div>\n\n\t\t\t\t\t\t\t\t<div class=\"um-login-link\">\n\t\t\t\t\t\t\t\t\t<a href=\"https:\/\/erfi-staging.seiten.co\/en\/login\/\">\n\t\t\t\t\t\t\t\t\t\tLogin\t\t\t\t\t\t\t\t\t<\/a>\n\t\t\t\t\t\t\t\t<\/div>\n\n\t\t\t\t\t\t\t<\/div>\n\n\t\t\t\t\t\t\t<input type=\"hidden\" name=\"form_id\" id=\"form_id_um_password_id\" value=\"um_password_id\" \/>\n\t\t<p class=\"um_request_name\">\n\t\t<label for=\"um_request_um_password_id\">Only fill in if you are not human<\/label>\n\t\t<input type=\"hidden\" name=\"um_request\" id=\"um_request_um_password_id\" class=\"input\" value=\"\" size=\"25\" autocomplete=\"off\" \/>\n\t<\/p>\n\t\t\t\t\t\t<\/form>\n\t\t\t\t<\/div>\n\t\t\t<\/div>\n\t\t\t<svg width=\"212\" height=\"548\" viewBox=\"0 0 212 548\" fill=\"none\" xmlns=\"http:\/\/www.w3.org\/2000\/svg\">\n<g clip-path=\"url(#clip0_2092_13076)\">\n<path d=\"M0 50C0 22.3858 22.3858 0 50 0C77.6142 0 100 22.3858 100 50C100 77.6142 77.6142 100 50 100C22.3858 100 0 77.6142 0 50Z\" fill=\"#E2E6D8\"\/>\n<\/g>\n<g clip-path=\"url(#clip1_2092_13076)\">\n<rect y=\"112\" width=\"100\" height=\"100\" rx=\"50\" fill=\"#E2E6D8\"\/>\n<\/g>\n<g clip-path=\"url(#clip2_2092_13076)\">\n<path d=\"M0 274C0 246.386 22.3858 224 50 224C77.6142 224 100 246.386 100 274C100 301.614 77.6142 324 50 324C22.3858 324 0 301.614 0 274Z\" fill=\"#E2E6D8\"\/>\n<\/g>\n<g clip-path=\"url(#clip3_2092_13076)\">\n<rect y=\"336\" width=\"100\" height=\"100\" rx=\"50\" fill=\"#F0F1ED\"\/>\n<\/g>\n<g clip-path=\"url(#clip4_2092_13076)\">\n<rect y=\"448\" width=\"100\" height=\"100\" rx=\"50\" fill=\"#E2E6D8\"\/>\n<\/g>\n<g clip-path=\"url(#clip5_2092_13076)\">\n<rect x=\"112\" y=\"336\" width=\"100\" height=\"100\" rx=\"50\" fill=\"#E2E6D8\"\/>\n<\/g>\n<g clip-path=\"url(#clip6_2092_13076)\">\n<path d=\"M112 498C112 470.386 134.386 448 162 448C189.614 448 212 470.386 212 498C212 525.614 189.614 548 162 548C134.386 548 112 525.614 112 498Z\" fill=\"#E2E6D8\"\/>\n<\/g>\n<defs>\n<clipPath id=\"clip0_2092_13076\">\n<path d=\"M0 50C0 22.3858 22.3858 0 50 0C77.6142 0 100 22.3858 100 50C100 77.6142 77.6142 100 50 100C22.3858 100 0 77.6142 0 50Z\" fill=\"white\"\/>\n<\/clipPath>\n<clipPath id=\"clip1_2092_13076\">\n<rect y=\"112\" width=\"100\" height=\"100\" rx=\"50\" fill=\"white\"\/>\n<\/clipPath>\n<clipPath id=\"clip2_2092_13076\">\n<path d=\"M0 274C0 246.386 22.3858 224 50 224C77.6142 224 100 246.386 100 274C100 301.614 77.6142 324 50 324C22.3858 324 0 301.614 0 274Z\" fill=\"white\"\/>\n<\/clipPath>\n<clipPath id=\"clip3_2092_13076\">\n<rect y=\"336\" width=\"100\" height=\"100\" rx=\"50\" fill=\"white\"\/>\n<\/clipPath>\n<clipPath id=\"clip4_2092_13076\">\n<rect y=\"448\" width=\"100\" height=\"100\" rx=\"50\" fill=\"white\"\/>\n<\/clipPath>\n<clipPath id=\"clip5_2092_13076\">\n<rect x=\"112\" y=\"336\" width=\"100\" height=\"100\" rx=\"50\" fill=\"white\"\/>\n<\/clipPath>\n<clipPath id=\"clip6_2092_13076\">\n<path d=\"M112 498C112 470.386 134.386 448 162 448C189.614 448 212 470.386 212 498C212 525.614 189.614 548 162 548C134.386 548 112 525.614 112 498Z\" fill=\"white\"\/>\n<\/clipPath>\n<\/defs>\n<\/svg>\n\t\t<\/div>\n\t<\/div>\n<\/div><style>\n\t\t\t.um-um_password_id.um {\n\t\t\tmax-width: 450px;\n\t\t}\n\t\t<\/style>\n\n","protected":false},"excerpt":{"rendered":"","protected":false},"author":1,"featured_media":0,"parent":0,"menu_order":0,"comment_status":"closed","ping_status":"closed","template":"","meta":{"_acf_changed":false,"_processed":"false","footnotes":""},"class_list":["post-5778","page","type-page","status-publish","hentry"],"acf":[],"yoast_head":"<!-- This site is optimized with the Yoast SEO plugin v25.8 - https:\/\/yoast.com\/wordpress\/plugins\/seo\/ -->\n<title>Passwort zur\u00fccksetzen - erfi<\/title>\n<meta name=\"robots\" content=\"noindex, follow, max-snippet:-1, max-image-preview:large, max-video-preview:-1\" \/>\n<meta property=\"og:locale\" content=\"en_US\" \/>\n<meta property=\"og:type\" content=\"article\" \/>\n<meta property=\"og:title\" content=\"Passwort zur\u00fccksetzen - erfi\" \/>\n<meta property=\"og:url\" content=\"https:\/\/erfi-staging.seiten.co\/en\/password-reset\/\" \/>\n<meta property=\"og:site_name\" content=\"erfi\" \/>\n<meta property=\"og:image\" content=\"https:\/\/erfi-staging.seiten.co\/wp-content\/uploads\/2025\/05\/og-image.png\" \/>\n\t<meta property=\"og:image:width\" content=\"1316\" \/>\n\t<meta property=\"og:image:height\" content=\"779\" \/>\n\t<meta property=\"og:image:type\" content=\"image\/png\" \/>\n<meta name=\"twitter:card\" content=\"summary_large_image\" \/>\n<script type=\"application\/ld+json\" class=\"yoast-schema-graph\">{\"@context\":\"https:\/\/schema.org\",\"@graph\":[{\"@type\":\"WebPage\",\"@id\":\"https:\/\/erfi-staging.seiten.co\/en\/password-reset\/\",\"url\":\"https:\/\/erfi-staging.seiten.co\/en\/password-reset\/\",\"name\":\"Passwort zur\u00fccksetzen - erfi\",\"isPartOf\":{\"@id\":\"https:\/\/erfi-staging.seiten.co\/en\/#website\"},\"datePublished\":\"2025-06-24T09:47:49+00:00\",\"breadcrumb\":{\"@id\":\"https:\/\/erfi-staging.seiten.co\/en\/password-reset\/#breadcrumb\"},\"inLanguage\":\"en-US\",\"potentialAction\":[{\"@type\":\"ReadAction\",\"target\":[\"https:\/\/erfi-staging.seiten.co\/en\/password-reset\/\"]}]},{\"@type\":\"BreadcrumbList\",\"@id\":\"https:\/\/erfi-staging.seiten.co\/en\/password-reset\/#breadcrumb\",\"itemListElement\":[{\"@type\":\"ListItem\",\"position\":1,\"name\":\"Home\",\"item\":\"https:\/\/erfi-staging.seiten.co\/en\/\"},{\"@type\":\"ListItem\",\"position\":2,\"name\":\"Passwort zur\u00fccksetzen\"}]},{\"@type\":\"WebSite\",\"@id\":\"https:\/\/erfi-staging.seiten.co\/en\/#website\",\"url\":\"https:\/\/erfi-staging.seiten.co\/en\/\",\"name\":\"Effiziente Komplettl\u00f6sungen f\u00fcr Ihr Labor \u00bb\",\"description\":\"Innovative Arbeitsplatzsysteme, Lehrsysteme, Mess- und Pr\u00fcfger\u00e4te f\u00fcr Labor, Industrie und B\u00fcro. \u00dcberzeugen Sie sich von unserer Kompetenz!\",\"alternateName\":\"Innovative Arbeitsplatzsysteme, Lehrsysteme, Mess- und Pr\u00fcfger\u00e4te f\u00fcr Labor, Industrie und B\u00fcro. \u00dcberzeugen Sie sich von unserer Kompetenz!\",\"potentialAction\":[{\"@type\":\"SearchAction\",\"target\":{\"@type\":\"EntryPoint\",\"urlTemplate\":\"https:\/\/erfi-staging.seiten.co\/en\/?s={search_term_string}\"},\"query-input\":{\"@type\":\"PropertyValueSpecification\",\"valueRequired\":true,\"valueName\":\"search_term_string\"}}],\"inLanguage\":\"en-US\"}]}<\/script>\n<!-- \/ Yoast SEO plugin. -->","yoast_head_json":{"title":"Passwort zur\u00fccksetzen - erfi","robots":{"index":"noindex","follow":"follow","max-snippet":"max-snippet:-1","max-image-preview":"max-image-preview:large","max-video-preview":"max-video-preview:-1"},"og_locale":"en_US","og_type":"article","og_title":"Passwort zur\u00fccksetzen - erfi","og_url":"https:\/\/erfi-staging.seiten.co\/en\/password-reset\/","og_site_name":"erfi","og_image":[{"width":1316,"height":779,"url":"https:\/\/erfi-staging.seiten.co\/wp-content\/uploads\/2025\/05\/og-image.png","type":"image\/png"}],"twitter_card":"summary_large_image","schema":{"@context":"https:\/\/schema.org","@graph":[{"@type":"WebPage","@id":"https:\/\/erfi-staging.seiten.co\/en\/password-reset\/","url":"https:\/\/erfi-staging.seiten.co\/en\/password-reset\/","name":"Passwort zur\u00fccksetzen - erfi","isPartOf":{"@id":"https:\/\/erfi-staging.seiten.co\/en\/#website"},"datePublished":"2025-06-24T09:47:49+00:00","breadcrumb":{"@id":"https:\/\/erfi-staging.seiten.co\/en\/password-reset\/#breadcrumb"},"inLanguage":"en-US","potentialAction":[{"@type":"ReadAction","target":["https:\/\/erfi-staging.seiten.co\/en\/password-reset\/"]}]},{"@type":"BreadcrumbList","@id":"https:\/\/erfi-staging.seiten.co\/en\/password-reset\/#breadcrumb","itemListElement":[{"@type":"ListItem","position":1,"name":"Home","item":"https:\/\/erfi-staging.seiten.co\/en\/"},{"@type":"ListItem","position":2,"name":"Passwort zur\u00fccksetzen"}]},{"@type":"WebSite","@id":"https:\/\/erfi-staging.seiten.co\/en\/#website","url":"https:\/\/erfi-staging.seiten.co\/en\/","name":"Effiziente Komplettl\u00f6sungen f\u00fcr Ihr Labor \u00bb","description":"Innovative Arbeitsplatzsysteme, Lehrsysteme, Mess- und Pr\u00fcfger\u00e4te f\u00fcr Labor, Industrie und B\u00fcro. \u00dcberzeugen Sie sich von unserer Kompetenz!","alternateName":"Innovative Arbeitsplatzsysteme, Lehrsysteme, Mess- und Pr\u00fcfger\u00e4te f\u00fcr Labor, Industrie und B\u00fcro. \u00dcberzeugen Sie sich von unserer Kompetenz!","potentialAction":[{"@type":"SearchAction","target":{"@type":"EntryPoint","urlTemplate":"https:\/\/erfi-staging.seiten.co\/en\/?s={search_term_string}"},"query-input":{"@type":"PropertyValueSpecification","valueRequired":true,"valueName":"search_term_string"}}],"inLanguage":"en-US"}]}},"_links":{"self":[{"href":"https:\/\/erfi-staging.seiten.co\/en\/wp-json\/wp\/v2\/pages\/5778","targetHints":{"allow":["GET"]}}],"collection":[{"href":"https:\/\/erfi-staging.seiten.co\/en\/wp-json\/wp\/v2\/pages"}],"about":[{"href":"https:\/\/erfi-staging.seiten.co\/en\/wp-json\/wp\/v2\/types\/page"}],"author":[{"embeddable":true,"href":"https:\/\/erfi-staging.seiten.co\/en\/wp-json\/wp\/v2\/users\/1"}],"replies":[{"embeddable":true,"href":"https:\/\/erfi-staging.seiten.co\/en\/wp-json\/wp\/v2\/comments?post=5778"}],"version-history":[{"count":0,"href":"https:\/\/erfi-staging.seiten.co\/en\/wp-json\/wp\/v2\/pages\/5778\/revisions"}],"wp:attachment":[{"href":"https:\/\/erfi-staging.seiten.co\/en\/wp-json\/wp\/v2\/media?parent=5778"}],"curies":[{"name":"wp","href":"https:\/\/api.w.org\/{rel}","templated":true}]}}