{"id":6312,"date":"2025-06-25T16:43:30","date_gmt":"2025-06-25T14:43:30","guid":{"rendered":"https:\/\/erfi-staging.seiten.co\/downloads\/operating-instructions\/elneos-six-device-series\/"},"modified":"2025-07-09T09:28:41","modified_gmt":"2025-07-09T07:28:41","slug":"elneos-six-device-series","status":"publish","type":"page","link":"https:\/\/erfi-staging.seiten.co\/en\/downloads\/operating-instructions\/elneos-six-device-series\/","title":{"rendered":"elneos six Device Series"},"content":{"rendered":"\n\n\t<section id=\"hero-title-text-block_0599ab74a80ffd2696ea67900277a02b\" class=\"hero-title-text\" data-uniqid=\"69e8841b71031\">\n\t\t<div class=\"container\">\n\t\t\t<div class=\"hero-title-text__wrap padding-hor\">\n\t\t\t\t<div class=\"hero-title-text__content \">\n\t\t\t\t\t<div class=\"page-breadcrumbs\"><span><span><a href=\"https:\/\/erfi-staging.seiten.co\/en\/\"><svg width=\"16\" height=\"17\" viewBox=\"0 0 16 17\" fill=\"none\" xmlns=\"http:\/\/www.w3.org\/2000\/svg\">\n            <path d=\"M6.71318 2.38L2.09318 6.08C1.57318 6.49333 1.23985 7.36666 1.35318 8.02L2.23985 13.3267C2.39985 14.2733 3.30652 15.04 4.26652 15.04H11.7332C12.6865 15.04 13.5999 14.2667 13.7599 13.3267L14.6465 8.02C14.7532 7.36666 14.4199 6.49333 13.9065 6.08L9.28652 2.38666C8.57318 1.81333 7.41985 1.81333 6.71318 2.38Z\" fill=\"#95C11F\" stroke=\"#95C11F\" stroke-width=\"1.5\" stroke-linecap=\"round\" stroke-linejoin=\"round\"\/>\n            <path d=\"M8 12.5V10.5\" stroke=\"white\" stroke-width=\"1.5\" stroke-linecap=\"round\" stroke-linejoin=\"round\"\/>\n        <\/svg>Home<\/a><\/span><\/span><\/div>\t\t\t\t\t\t\t\t\t\t\t<div class=\"hero-title-text__left\">\n\t\t\t\t\t\t\t\t\t\t\t\t\t\t\t<div class=\"headline_default headline_h1\">\n\t\t\t\t\t\t\t\t\t<h1>elneos six User Manuals<\/h1>\n\t\t\t\t\t\t\t\t<\/div>\n\t\t\t\t\t\t\t\t\t\t\t\t\t\t\t\t\t\t\t\t<\/div>\n\t\t\t\t\t\t\t\t\t\t\t\t\t\t<\/div>\n\t\t\t<\/div>\n\t\t<\/div>\n\t<\/section>\n\n\n\n\t<section id=\"catalog-downloads-block_036f4949ba44663f528ea8d86636eb09\" class=\"catalog-downloads margin-bottom\" data-uniqid=\"69e8841b75a2d\">\n\t\t<div class=\"container\">\n\t\t\t<div class=\"catalog-downloads__wrap   padding-hor\">\n\n\t\t\t\t\n\n\t\t\t\t\t\t\t\t\t<div class=\"catalog-downloads__grid\">\n\t\t\t\t\t\t\t\t\t\t\t\t\t<div class=\"catalog-downloads__col  radius-16 bg-white\">\n\t\t\t\t\t\t\t\t\t\t\t\t\t\t\t\t<div class=\"catalog-downloads__content\">\n\t\t\t\t\t\t\t\t\t\t\t\t\t\t\t\t\t\t\t\t\t\t\t\t\t\t\t\t<div class=\"catalog-downloads__files\">\n\t\t\t\t\t\t\t\t\t\t\t\t\t\t\t\t\t\t\t\t\t\t\t\t\t\t\t\t\t\t\t\t\t\t\t\t\t\t\t\t\t\t\t\t\t\t\t\t\t<a class=\"catalog-downloads__file\" href=\"\/assets\/Uploads\/Bedienungsanleitung-erfi-ELNEOS-6-DE-Vers.-0016.pdf\" target=\"_blank\">\n\t\t\t\t\t\t\t\t\t\t\t\t\t\t<div class=\"catalog-downloads__file-info\">\n\t\t\t\t\t\t\t\t\t\t\t\t\t\t\t<div class=\"catalog-downloads__file-title\">\n\t\t\t\t\t\t\t\t\t\t\t\t\t\t\t\t\t\t\t\t\t\t\t\t\t\t\t\t\t\t\t\t\telneos six german\t\t\t\t\t\t\t\t\t\t\t\t\t\t\t\t\t\t\t\t\t\t\t\t\t\t\t\t\t\t\t<\/div>\n\t\t\t\t\t\t\t\t\t\t\t\t\t\t<\/div>\n\t\t\t\t\t\t\t\t\t\t\t\t\t\t<div class=\"catalog-downloads__file-icon\">\n\t\t\t\t\t\t\t\t\t\t\t\t\t\t\t<svg aria-hidden=\"true\" width=\"32\" height=\"32\" viewBox=\"0 0 32 32\" fill=\"none\" xmlns=\"http:\/\/www.w3.org\/2000\/svg\">\n<path d=\"M12 14.6667V22.6667L14.6667 20\" stroke=\"#95C11F\" stroke-width=\"2\" stroke-linecap=\"round\" stroke-linejoin=\"round\"\/>\n<path d=\"M11.9997 22.6667L9.33301 20\" stroke=\"#95C11F\" stroke-width=\"2\" stroke-linecap=\"round\" stroke-linejoin=\"round\"\/>\n<path d=\"M29.3337 13.3333V20C29.3337 26.6667 26.667 29.3333 20.0003 29.3333H12.0003C5.33366 29.3333 2.66699 26.6667 2.66699 20V12C2.66699 5.33332 5.33366 2.66666 12.0003 2.66666H18.667\" stroke=\"#95C11F\" stroke-width=\"2\" stroke-linecap=\"round\" stroke-linejoin=\"round\"\/>\n<path d=\"M29.3337 13.3333H24.0003C20.0003 13.3333 18.667 12 18.667 7.99999V2.66666L29.3337 13.3333Z\" stroke=\"#95C11F\" stroke-width=\"2\" stroke-linecap=\"round\" stroke-linejoin=\"round\"\/>\n<\/svg>\n\t\t\t\t\t\t\t\t\t\t\t\t\t\t<\/div>\n\t\t\t\t\t\t\t\t\t\t\t\t\t<\/a>\n\t\t\t\t\t\t\t\t\t\t\t\t\t\t\t\t\t\t\t\t\t\t\t\t\t\t\t\t\t\t\t\t\t\t\t\t\t\t\t\t\t\t\t\t\t\t\t\t\t\t\t\t\t\t\t\t\t\t\t\t\t<a class=\"catalog-downloads__file\" href=\"\/assets\/Uploads\/el6-BA-englisch-300dpi3.pdf\" target=\"_blank\">\n\t\t\t\t\t\t\t\t\t\t\t\t\t\t<div class=\"catalog-downloads__file-info\">\n\t\t\t\t\t\t\t\t\t\t\t\t\t\t\t<div class=\"catalog-downloads__file-title\">\n\t\t\t\t\t\t\t\t\t\t\t\t\t\t\t\t\t\t\t\t\t\t\t\t\t\t\t\t\t\t\t\t\telneos six englisch\t\t\t\t\t\t\t\t\t\t\t\t\t\t\t\t\t\t\t\t\t\t\t\t\t\t\t\t\t\t\t<\/div>\n\t\t\t\t\t\t\t\t\t\t\t\t\t\t<\/div>\n\t\t\t\t\t\t\t\t\t\t\t\t\t\t<div class=\"catalog-downloads__file-icon\">\n\t\t\t\t\t\t\t\t\t\t\t\t\t\t\t<svg aria-hidden=\"true\" width=\"32\" height=\"32\" viewBox=\"0 0 32 32\" fill=\"none\" xmlns=\"http:\/\/www.w3.org\/2000\/svg\">\n<path d=\"M12 14.6667V22.6667L14.6667 20\" stroke=\"#95C11F\" stroke-width=\"2\" stroke-linecap=\"round\" stroke-linejoin=\"round\"\/>\n<path d=\"M11.9997 22.6667L9.33301 20\" stroke=\"#95C11F\" stroke-width=\"2\" stroke-linecap=\"round\" stroke-linejoin=\"round\"\/>\n<path d=\"M29.3337 13.3333V20C29.3337 26.6667 26.667 29.3333 20.0003 29.3333H12.0003C5.33366 29.3333 2.66699 26.6667 2.66699 20V12C2.66699 5.33332 5.33366 2.66666 12.0003 2.66666H18.667\" stroke=\"#95C11F\" stroke-width=\"2\" stroke-linecap=\"round\" stroke-linejoin=\"round\"\/>\n<path d=\"M29.3337 13.3333H24.0003C20.0003 13.3333 18.667 12 18.667 7.99999V2.66666L29.3337 13.3333Z\" stroke=\"#95C11F\" stroke-width=\"2\" stroke-linecap=\"round\" stroke-linejoin=\"round\"\/>\n<\/svg>\n\t\t\t\t\t\t\t\t\t\t\t\t\t\t<\/div>\n\t\t\t\t\t\t\t\t\t\t\t\t\t<\/a>\n\t\t\t\t\t\t\t\t\t\t\t\t\t\t\t\t\t\t\t\t\t\t\t\t\t\t\t\t\t\t\t\t\t\t\t\t\t\t\t\t\t\t\t\t\t\t\t\t\t\t\t\t\t\t\t\t\t\t\t\t\t<a class=\"catalog-downloads__file\" href=\"\/assets\/Uploads\/Leistungs-und-Energiemessgeraet2.pdf\" target=\"_blank\">\n\t\t\t\t\t\t\t\t\t\t\t\t\t\t<div class=\"catalog-downloads__file-info\">\n\t\t\t\t\t\t\t\t\t\t\t\t\t\t\t<div class=\"catalog-downloads__file-title\">\n\t\t\t\t\t\t\t\t\t\t\t\t\t\t\t\t\t\t\t\t\t\t\t\t\t\t\t\t\t\t\t\t\tPower and Energy Meter\t\t\t\t\t\t\t\t\t\t\t\t\t\t\t\t\t\t\t\t\t\t\t\t\t\t\t\t\t\t\t<\/div>\n\t\t\t\t\t\t\t\t\t\t\t\t\t\t<\/div>\n\t\t\t\t\t\t\t\t\t\t\t\t\t\t<div class=\"catalog-downloads__file-icon\">\n\t\t\t\t\t\t\t\t\t\t\t\t\t\t\t<svg aria-hidden=\"true\" width=\"32\" height=\"32\" viewBox=\"0 0 32 32\" fill=\"none\" xmlns=\"http:\/\/www.w3.org\/2000\/svg\">\n<path d=\"M12 14.6667V22.6667L14.6667 20\" stroke=\"#95C11F\" stroke-width=\"2\" stroke-linecap=\"round\" stroke-linejoin=\"round\"\/>\n<path d=\"M11.9997 22.6667L9.33301 20\" stroke=\"#95C11F\" stroke-width=\"2\" stroke-linecap=\"round\" stroke-linejoin=\"round\"\/>\n<path d=\"M29.3337 13.3333V20C29.3337 26.6667 26.667 29.3333 20.0003 29.3333H12.0003C5.33366 29.3333 2.66699 26.6667 2.66699 20V12C2.66699 5.33332 5.33366 2.66666 12.0003 2.66666H18.667\" stroke=\"#95C11F\" stroke-width=\"2\" stroke-linecap=\"round\" stroke-linejoin=\"round\"\/>\n<path d=\"M29.3337 13.3333H24.0003C20.0003 13.3333 18.667 12 18.667 7.99999V2.66666L29.3337 13.3333Z\" stroke=\"#95C11F\" stroke-width=\"2\" stroke-linecap=\"round\" stroke-linejoin=\"round\"\/>\n<\/svg>\n\t\t\t\t\t\t\t\t\t\t\t\t\t\t<\/div>\n\t\t\t\t\t\t\t\t\t\t\t\t\t<\/a>\n\t\t\t\t\t\t\t\t\t\t\t\t\t\t\t\t\t\t\t\t\t\t\t\t\t\t\t\t\t\t\t\t\t<\/div>\n\t\t\t\t\t\t\t\t\t\t\t\t\t\t\t\t\t<\/div>\n\t\t\t\t\t\t\t<\/div>\n\t\t\t\t\t\t\t\t\t\t\t<\/div>\n\t\t\t\t\t\t\t<\/div>\n\t\t<\/div>\n\t<\/section>\n\n","protected":false},"excerpt":{"rendered":"","protected":false},"author":1,"featured_media":0,"parent":6306,"menu_order":0,"comment_status":"closed","ping_status":"closed","template":"","meta":{"_acf_changed":false,"_processed":"false","footnotes":""},"class_list":["post-6312","page","type-page","status-publish","hentry"],"acf":[],"yoast_head":"<!-- This site is optimized with the Yoast SEO plugin v25.8 - https:\/\/yoast.com\/wordpress\/plugins\/seo\/ -->\n<title>elneos six Device Series - erfi<\/title>\n<meta name=\"robots\" content=\"noindex, follow, max-snippet:-1, max-image-preview:large, max-video-preview:-1\" \/>\n<meta property=\"og:locale\" content=\"en_US\" \/>\n<meta property=\"og:type\" content=\"article\" \/>\n<meta property=\"og:title\" content=\"elneos six Device Series - erfi\" \/>\n<meta property=\"og:url\" content=\"https:\/\/erfi-staging.seiten.co\/en\/downloads\/operating-instructions\/elneos-six-device-series\/\" \/>\n<meta property=\"og:site_name\" content=\"erfi\" \/>\n<meta property=\"article:modified_time\" content=\"2025-07-09T07:28:41+00:00\" \/>\n<meta property=\"og:image\" content=\"https:\/\/erfi-staging.seiten.co\/wp-content\/uploads\/2025\/05\/og-image.png\" \/>\n\t<meta property=\"og:image:width\" content=\"1316\" \/>\n\t<meta property=\"og:image:height\" content=\"779\" \/>\n\t<meta property=\"og:image:type\" content=\"image\/png\" \/>\n<meta name=\"twitter:card\" content=\"summary_large_image\" \/>\n<script type=\"application\/ld+json\" class=\"yoast-schema-graph\">{\"@context\":\"https:\/\/schema.org\",\"@graph\":[{\"@type\":\"WebPage\",\"@id\":\"https:\/\/erfi-staging.seiten.co\/en\/downloads\/operating-instructions\/elneos-six-device-series\/\",\"url\":\"https:\/\/erfi-staging.seiten.co\/en\/downloads\/operating-instructions\/elneos-six-device-series\/\",\"name\":\"elneos six Device Series - erfi\",\"isPartOf\":{\"@id\":\"https:\/\/erfi-staging.seiten.co\/en\/#website\"},\"datePublished\":\"2025-06-25T14:43:30+00:00\",\"dateModified\":\"2025-07-09T07:28:41+00:00\",\"breadcrumb\":{\"@id\":\"https:\/\/erfi-staging.seiten.co\/en\/downloads\/operating-instructions\/elneos-six-device-series\/#breadcrumb\"},\"inLanguage\":\"en-US\",\"potentialAction\":[{\"@type\":\"ReadAction\",\"target\":[\"https:\/\/erfi-staging.seiten.co\/en\/downloads\/operating-instructions\/elneos-six-device-series\/\"]}]},{\"@type\":\"BreadcrumbList\",\"@id\":\"https:\/\/erfi-staging.seiten.co\/en\/downloads\/operating-instructions\/elneos-six-device-series\/#breadcrumb\",\"itemListElement\":[{\"@type\":\"ListItem\",\"position\":1,\"name\":\"Home\",\"item\":\"https:\/\/erfi-staging.seiten.co\/en\/\"},{\"@type\":\"ListItem\",\"position\":2,\"name\":\"Downloads\",\"item\":\"https:\/\/erfi-staging.seiten.co\/en\/downloads\/\"},{\"@type\":\"ListItem\",\"position\":3,\"name\":\"Operating Instructions\",\"item\":\"https:\/\/erfi-staging.seiten.co\/en\/downloads\/operating-instructions\/\"},{\"@type\":\"ListItem\",\"position\":4,\"name\":\"elneos six Device Series\"}]},{\"@type\":\"WebSite\",\"@id\":\"https:\/\/erfi-staging.seiten.co\/en\/#website\",\"url\":\"https:\/\/erfi-staging.seiten.co\/en\/\",\"name\":\"Effiziente Komplettl\u00f6sungen f\u00fcr Ihr Labor \u00bb\",\"description\":\"Innovative Arbeitsplatzsysteme, Lehrsysteme, Mess- und Pr\u00fcfger\u00e4te f\u00fcr Labor, Industrie und B\u00fcro. \u00dcberzeugen Sie sich von unserer Kompetenz!\",\"alternateName\":\"Innovative Arbeitsplatzsysteme, Lehrsysteme, Mess- und Pr\u00fcfger\u00e4te f\u00fcr Labor, Industrie und B\u00fcro. \u00dcberzeugen Sie sich von unserer Kompetenz!\",\"potentialAction\":[{\"@type\":\"SearchAction\",\"target\":{\"@type\":\"EntryPoint\",\"urlTemplate\":\"https:\/\/erfi-staging.seiten.co\/en\/?s={search_term_string}\"},\"query-input\":{\"@type\":\"PropertyValueSpecification\",\"valueRequired\":true,\"valueName\":\"search_term_string\"}}],\"inLanguage\":\"en-US\"}]}<\/script>\n<!-- \/ Yoast SEO plugin. -->","yoast_head_json":{"title":"elneos six Device Series - erfi","robots":{"index":"noindex","follow":"follow","max-snippet":"max-snippet:-1","max-image-preview":"max-image-preview:large","max-video-preview":"max-video-preview:-1"},"og_locale":"en_US","og_type":"article","og_title":"elneos six Device Series - erfi","og_url":"https:\/\/erfi-staging.seiten.co\/en\/downloads\/operating-instructions\/elneos-six-device-series\/","og_site_name":"erfi","article_modified_time":"2025-07-09T07:28:41+00:00","og_image":[{"width":1316,"height":779,"url":"https:\/\/erfi-staging.seiten.co\/wp-content\/uploads\/2025\/05\/og-image.png","type":"image\/png"}],"twitter_card":"summary_large_image","schema":{"@context":"https:\/\/schema.org","@graph":[{"@type":"WebPage","@id":"https:\/\/erfi-staging.seiten.co\/en\/downloads\/operating-instructions\/elneos-six-device-series\/","url":"https:\/\/erfi-staging.seiten.co\/en\/downloads\/operating-instructions\/elneos-six-device-series\/","name":"elneos six Device Series - erfi","isPartOf":{"@id":"https:\/\/erfi-staging.seiten.co\/en\/#website"},"datePublished":"2025-06-25T14:43:30+00:00","dateModified":"2025-07-09T07:28:41+00:00","breadcrumb":{"@id":"https:\/\/erfi-staging.seiten.co\/en\/downloads\/operating-instructions\/elneos-six-device-series\/#breadcrumb"},"inLanguage":"en-US","potentialAction":[{"@type":"ReadAction","target":["https:\/\/erfi-staging.seiten.co\/en\/downloads\/operating-instructions\/elneos-six-device-series\/"]}]},{"@type":"BreadcrumbList","@id":"https:\/\/erfi-staging.seiten.co\/en\/downloads\/operating-instructions\/elneos-six-device-series\/#breadcrumb","itemListElement":[{"@type":"ListItem","position":1,"name":"Home","item":"https:\/\/erfi-staging.seiten.co\/en\/"},{"@type":"ListItem","position":2,"name":"Downloads","item":"https:\/\/erfi-staging.seiten.co\/en\/downloads\/"},{"@type":"ListItem","position":3,"name":"Operating Instructions","item":"https:\/\/erfi-staging.seiten.co\/en\/downloads\/operating-instructions\/"},{"@type":"ListItem","position":4,"name":"elneos six Device Series"}]},{"@type":"WebSite","@id":"https:\/\/erfi-staging.seiten.co\/en\/#website","url":"https:\/\/erfi-staging.seiten.co\/en\/","name":"Effiziente Komplettl\u00f6sungen f\u00fcr Ihr Labor \u00bb","description":"Innovative Arbeitsplatzsysteme, Lehrsysteme, Mess- und Pr\u00fcfger\u00e4te f\u00fcr Labor, Industrie und B\u00fcro. \u00dcberzeugen Sie sich von unserer Kompetenz!","alternateName":"Innovative Arbeitsplatzsysteme, Lehrsysteme, Mess- und Pr\u00fcfger\u00e4te f\u00fcr Labor, Industrie und B\u00fcro. \u00dcberzeugen Sie sich von unserer Kompetenz!","potentialAction":[{"@type":"SearchAction","target":{"@type":"EntryPoint","urlTemplate":"https:\/\/erfi-staging.seiten.co\/en\/?s={search_term_string}"},"query-input":{"@type":"PropertyValueSpecification","valueRequired":true,"valueName":"search_term_string"}}],"inLanguage":"en-US"}]}},"_links":{"self":[{"href":"https:\/\/erfi-staging.seiten.co\/en\/wp-json\/wp\/v2\/pages\/6312","targetHints":{"allow":["GET"]}}],"collection":[{"href":"https:\/\/erfi-staging.seiten.co\/en\/wp-json\/wp\/v2\/pages"}],"about":[{"href":"https:\/\/erfi-staging.seiten.co\/en\/wp-json\/wp\/v2\/types\/page"}],"author":[{"embeddable":true,"href":"https:\/\/erfi-staging.seiten.co\/en\/wp-json\/wp\/v2\/users\/1"}],"replies":[{"embeddable":true,"href":"https:\/\/erfi-staging.seiten.co\/en\/wp-json\/wp\/v2\/comments?post=6312"}],"version-history":[{"count":1,"href":"https:\/\/erfi-staging.seiten.co\/en\/wp-json\/wp\/v2\/pages\/6312\/revisions"}],"predecessor-version":[{"id":6313,"href":"https:\/\/erfi-staging.seiten.co\/en\/wp-json\/wp\/v2\/pages\/6312\/revisions\/6313"}],"up":[{"embeddable":true,"href":"https:\/\/erfi-staging.seiten.co\/en\/wp-json\/wp\/v2\/pages\/6306"}],"wp:attachment":[{"href":"https:\/\/erfi-staging.seiten.co\/en\/wp-json\/wp\/v2\/media?parent=6312"}],"curies":[{"name":"wp","href":"https:\/\/api.w.org\/{rel}","templated":true}]}}