{"id":7704,"date":"2025-08-12T11:07:26","date_gmt":"2025-08-12T09:07:26","guid":{"rendered":"https:\/\/erfi-staging.seiten.co\/about-erfi\/honors\/reddot-design-award-2013-2\/"},"modified":"2025-08-12T11:34:27","modified_gmt":"2025-08-12T09:34:27","slug":"reddot-design-award-2013-2","status":"publish","type":"page","link":"https:\/\/erfi-staging.seiten.co\/en\/about-erfi\/honors\/reddot-design-award-2013-2\/","title":{"rendered":"reddot Design Award 2013"},"content":{"rendered":"\n\n\t<section id=\"hero-title-text-2col-btn-block_c46e640326379fff1f2378175b6923db\" class=\"hero-title-text-2col-btn  hero-title-text-2col-btn\" data-uniqid=\"69e8735773802\">\n\t\t<div class=\"container\">\n\t\t\t<div class=\"hero-title-text-2col-btn__wrap padding-hor\">\n\t\t\t\t<div class=\"hero-title-text-2col-btn__content\">\n\t\t\t\t\t<div class=\"page-breadcrumbs\"><span><span><a href=\"https:\/\/erfi-staging.seiten.co\/en\/\"><svg width=\"16\" height=\"17\" viewBox=\"0 0 16 17\" fill=\"none\" xmlns=\"http:\/\/www.w3.org\/2000\/svg\">\n            <path d=\"M6.71318 2.38L2.09318 6.08C1.57318 6.49333 1.23985 7.36666 1.35318 8.02L2.23985 13.3267C2.39985 14.2733 3.30652 15.04 4.26652 15.04H11.7332C12.6865 15.04 13.5999 14.2667 13.7599 13.3267L14.6465 8.02C14.7532 7.36666 14.4199 6.49333 13.9065 6.08L9.28652 2.38666C8.57318 1.81333 7.41985 1.81333 6.71318 2.38Z\" fill=\"#95C11F\" stroke=\"#95C11F\" stroke-width=\"1.5\" stroke-linecap=\"round\" stroke-linejoin=\"round\"\/>\n            <path d=\"M8 12.5V10.5\" stroke=\"white\" stroke-width=\"1.5\" stroke-linecap=\"round\" stroke-linejoin=\"round\"\/>\n        <\/svg>Home<\/a><\/span><\/span><\/div>\n\t\t\t\t\t\n\t\t\t\t\t\t\t\t\t\t\t<div class=\"hero-title-text-2col-btn__content__wrap\">\n\t\t\t\t\t\t\t<div class=\"hero-title-text-2col-btn__left\">\n\t\t\t\t\t\t\t\t\t\t\t\t\t\t\t\t\t<div class=\"headline_default headline_h1\">\n\t\t\t\t\t\t\t\t\t\t<h1>reddot Design Award 2013<\/h1>\n\t\t\t\t\t\t\t\t\t<\/div>\n\t\t\t\t\t\t\t\t\t\t\t\t\t\t\t\t\n\t\t\t\t\t\t\t<\/div>\n\t\t\t\t\t\t\t<div class=\"hero-title-text-2col-btn__right\">\n\t\t\t\t\t\t\t\t\t\t\t\t\t\t\t\t\t\t\t\t\t\t\t<\/div>\n\t\t\t\t\t\t<\/div>\n\t\t\t\t\t\t\t\t\t<\/div>\n\t\t\t<\/div>\n\t\t<\/div>\n\t<\/section>\n\n\n\n\t<section id=\"text-multicontent-70-30-block_56702982181d5a50cdbfa8cd0b64db03\" class=\"text-multicontent-70-30 margin-vert\" data-uniqid=\"69e8735779312\">\n\t\t<div class=\"container\">\n\t\t\t<div class=\"text-multicontent-70-30__grid \">\n\t\t\t\t<div class=\"text-multicontent-70-30__left\">\n                                            <div class=\"subheadline_default\">reddot Design Award 2013<\/div>\n                                        <div class=\"text-multicontent-70-30__left__image\">\n                    <svg width=\"324\" height=\"436\" viewBox=\"0 0 324 436\" fill=\"none\" xmlns=\"http:\/\/www.w3.org\/2000\/svg\">\n                        <g clip-path=\"url(#clip0_503_3117)\">\n                        <rect width=\"100\" height=\"100\" rx=\"50\" fill=\"#F0F1ED\"\/>\n                        <\/g>\n                        <g clip-path=\"url(#clip1_503_3117)\">\n                        <rect y=\"112\" width=\"100\" height=\"100\" rx=\"50\" fill=\"#E2E6D8\"\/>\n                        <\/g>\n                        <g clip-path=\"url(#clip2_503_3117)\">\n                        <rect x=\"112\" y=\"224\" width=\"100\" height=\"100\" rx=\"50\" fill=\"#95C11F\"\/>\n                        <\/g>\n                        <g clip-path=\"url(#clip3_503_3117)\">\n                        <rect x=\"112\" y=\"336\" width=\"100\" height=\"100\" rx=\"50\" fill=\"#E2E6D8\"\/>\n                        <\/g>\n                        <g clip-path=\"url(#clip4_503_3117)\">\n                        <rect x=\"224\" width=\"100\" height=\"100\" rx=\"50\" fill=\"#E2E6D8\"\/>\n                        <\/g>\n                        <g clip-path=\"url(#clip5_503_3117)\">\n                        <rect x=\"224\" y=\"112\" width=\"100\" height=\"100\" rx=\"50\" fill=\"#E2E6D8\"\/>\n                        <\/g>\n                        <g clip-path=\"url(#clip6_503_3117)\">\n                        <rect x=\"224\" y=\"224\" width=\"100\" height=\"100\" rx=\"50\" fill=\"#E2E6D8\"\/>\n                        <\/g>\n                        <g clip-path=\"url(#clip7_503_3117)\">\n                        <rect x=\"224\" y=\"336\" width=\"100\" height=\"100\" rx=\"50\" fill=\"#95C11F\"\/>\n                        <\/g>\n                        <defs>\n                        <clipPath id=\"clip0_503_3117\">\n                        <rect width=\"100\" height=\"100\" rx=\"50\" fill=\"white\"\/>\n                        <\/clipPath>\n                        <clipPath id=\"clip1_503_3117\">\n                        <rect y=\"112\" width=\"100\" height=\"100\" rx=\"50\" fill=\"white\"\/>\n                        <\/clipPath>\n                        <clipPath id=\"clip2_503_3117\">\n                        <rect x=\"112\" y=\"224\" width=\"100\" height=\"100\" rx=\"50\" fill=\"white\"\/>\n                        <\/clipPath>\n                        <clipPath id=\"clip3_503_3117\">\n                        <rect x=\"112\" y=\"336\" width=\"100\" height=\"100\" rx=\"50\" fill=\"white\"\/>\n                        <\/clipPath>\n                        <clipPath id=\"clip4_503_3117\">\n                        <rect x=\"224\" width=\"100\" height=\"100\" rx=\"50\" fill=\"white\"\/>\n                        <\/clipPath>\n                        <clipPath id=\"clip5_503_3117\">\n                        <rect x=\"224\" y=\"112\" width=\"100\" height=\"100\" rx=\"50\" fill=\"white\"\/>\n                        <\/clipPath>\n                        <clipPath id=\"clip6_503_3117\">\n                        <rect x=\"224\" y=\"224\" width=\"100\" height=\"100\" rx=\"50\" fill=\"white\"\/>\n                        <\/clipPath>\n                        <clipPath id=\"clip7_503_3117\">\n                        <rect x=\"224\" y=\"336\" width=\"100\" height=\"100\" rx=\"50\" fill=\"white\"\/>\n                        <\/clipPath>\n                        <\/defs>\n                    <\/svg>\n\n                    <\/div>\n                <\/div> \n                <div class=\"text-multicontent-70-30__right\">\n                                        <div class=\"text-multicontent-70-30__multicontent\">\n                                                                                                                        <div class=\"text_default\">\n                                        <p>erfi&#8217;s innovative strength impressed the 37-member expert jury of the red dot award: product design 2013. Those who convince the renowned experts can adorn their product creation with the &#8220;red dot&#8221; and position themselves on an international level. The jurors were delighted with the 4,662 entries in 19 different categories in the current competition. Only the best designs were able to impress the jury and so the elneos five electronic appliance system and elneos connect workstation system were awarded the &#8220;red dot&#8221; for their successful design concept.  <\/p>\n<p>Economic success and good design go hand in hand, especially today: \u201cThe winners of the Red Dot Award: Product Design 2013 are the protagonists of a highly developed design culture and design economy. Nowadays, it is becoming increasingly difficult to distinguish well-designed products from one another. Unique features often only become visible in the details. However, those product creations that pass the critical eyes of the international Red Dot jury will not get lost in the crowd and will be able to assert themselves in global competition.\u201d<br \/>The Red Dot Design Award<br \/>With the Red Dot Design Award, the Design Zentrum Nordrhein Westfalen created one of the most internationally renowned competitions. <\/p>\n<p>Its award, the \u201cRed Dot,\u201d has established itself worldwide as one of the most coveted quality seals for outstanding design. The awarded products are exhibited by the Design Zentrum Nordrhein Westfalen for at least one year in the Red Dot Design Museum. To professionally assess the diversity in the field of design, the Red Dot Design Award is divided into various disciplines: \u201cRed Dot Award: Product Design,\u201d \u201cRed Dot Award: Communication Design,\u201d and \u201cRed Dot Award: Design Concept.\u201d  <\/p>\n                                    <\/div>\n                                                                                                        <\/div>\n                                    <\/div>\n\t\t\t<\/div>\n\t\t<\/div>\n\t<\/section>\n\n","protected":false},"excerpt":{"rendered":"","protected":false},"author":2,"featured_media":0,"parent":6319,"menu_order":13,"comment_status":"closed","ping_status":"closed","template":"","meta":{"_acf_changed":false,"_processed":"false","footnotes":""},"class_list":["post-7704","page","type-page","status-publish","hentry"],"acf":[],"yoast_head":"<!-- This site is optimized with the Yoast SEO plugin v25.8 - https:\/\/yoast.com\/wordpress\/plugins\/seo\/ -->\n<title>German Design Award 2014 \u00bb<\/title>\n<meta name=\"description\" content=\"elneos connect was honored with the German Design Award for its structural flexibility and extreme lightness.\" \/>\n<meta name=\"robots\" content=\"noindex, follow, max-snippet:-1, max-image-preview:large, max-video-preview:-1\" \/>\n<meta property=\"og:locale\" content=\"en_US\" \/>\n<meta property=\"og:type\" content=\"article\" \/>\n<meta property=\"og:title\" content=\"German Design Award 2014 \u00bb\" \/>\n<meta property=\"og:description\" content=\"elneos connect was honored with the German Design Award for its structural flexibility and extreme lightness.\" \/>\n<meta property=\"og:url\" content=\"https:\/\/erfi-staging.seiten.co\/en\/about-erfi\/honors\/reddot-design-award-2013-2\/\" \/>\n<meta property=\"og:site_name\" content=\"erfi\" \/>\n<meta property=\"article:modified_time\" content=\"2025-08-12T09:34:27+00:00\" \/>\n<meta property=\"og:image\" content=\"https:\/\/erfi-staging.seiten.co\/wp-content\/uploads\/2025\/05\/og-image.png\" \/>\n\t<meta property=\"og:image:width\" content=\"1316\" \/>\n\t<meta property=\"og:image:height\" content=\"779\" \/>\n\t<meta property=\"og:image:type\" content=\"image\/png\" \/>\n<meta name=\"twitter:card\" content=\"summary_large_image\" \/>\n<script type=\"application\/ld+json\" class=\"yoast-schema-graph\">{\"@context\":\"https:\/\/schema.org\",\"@graph\":[{\"@type\":\"WebPage\",\"@id\":\"https:\/\/erfi-staging.seiten.co\/en\/about-erfi\/honors\/reddot-design-award-2013-2\/\",\"url\":\"https:\/\/erfi-staging.seiten.co\/en\/about-erfi\/honors\/reddot-design-award-2013-2\/\",\"name\":\"German Design Award 2014 \u00bb\",\"isPartOf\":{\"@id\":\"https:\/\/erfi-staging.seiten.co\/en\/#website\"},\"datePublished\":\"2025-08-12T09:07:26+00:00\",\"dateModified\":\"2025-08-12T09:34:27+00:00\",\"description\":\"elneos connect was honored with the German Design Award for its structural flexibility and extreme lightness.\",\"breadcrumb\":{\"@id\":\"https:\/\/erfi-staging.seiten.co\/en\/about-erfi\/honors\/reddot-design-award-2013-2\/#breadcrumb\"},\"inLanguage\":\"en-US\",\"potentialAction\":[{\"@type\":\"ReadAction\",\"target\":[\"https:\/\/erfi-staging.seiten.co\/en\/about-erfi\/honors\/reddot-design-award-2013-2\/\"]}]},{\"@type\":\"BreadcrumbList\",\"@id\":\"https:\/\/erfi-staging.seiten.co\/en\/about-erfi\/honors\/reddot-design-award-2013-2\/#breadcrumb\",\"itemListElement\":[{\"@type\":\"ListItem\",\"position\":1,\"name\":\"Home\",\"item\":\"https:\/\/erfi-staging.seiten.co\/en\/\"},{\"@type\":\"ListItem\",\"position\":2,\"name\":\"about erfi\",\"item\":\"https:\/\/erfi-staging.seiten.co\/en\/about-erfi\/\"},{\"@type\":\"ListItem\",\"position\":3,\"name\":\"Honors\",\"item\":\"https:\/\/erfi-staging.seiten.co\/en\/about-erfi\/honors\/\"},{\"@type\":\"ListItem\",\"position\":4,\"name\":\"reddot Design Award 2013\"}]},{\"@type\":\"WebSite\",\"@id\":\"https:\/\/erfi-staging.seiten.co\/en\/#website\",\"url\":\"https:\/\/erfi-staging.seiten.co\/en\/\",\"name\":\"Effiziente Komplettl\u00f6sungen f\u00fcr Ihr Labor \u00bb\",\"description\":\"Innovative Arbeitsplatzsysteme, Lehrsysteme, Mess- und Pr\u00fcfger\u00e4te f\u00fcr Labor, Industrie und B\u00fcro. \u00dcberzeugen Sie sich von unserer Kompetenz!\",\"alternateName\":\"Innovative Arbeitsplatzsysteme, Lehrsysteme, Mess- und Pr\u00fcfger\u00e4te f\u00fcr Labor, Industrie und B\u00fcro. \u00dcberzeugen Sie sich von unserer Kompetenz!\",\"potentialAction\":[{\"@type\":\"SearchAction\",\"target\":{\"@type\":\"EntryPoint\",\"urlTemplate\":\"https:\/\/erfi-staging.seiten.co\/en\/?s={search_term_string}\"},\"query-input\":{\"@type\":\"PropertyValueSpecification\",\"valueRequired\":true,\"valueName\":\"search_term_string\"}}],\"inLanguage\":\"en-US\"}]}<\/script>\n<!-- \/ Yoast SEO plugin. -->","yoast_head_json":{"title":"German Design Award 2014 \u00bb","description":"elneos connect was honored with the German Design Award for its structural flexibility and extreme lightness.","robots":{"index":"noindex","follow":"follow","max-snippet":"max-snippet:-1","max-image-preview":"max-image-preview:large","max-video-preview":"max-video-preview:-1"},"og_locale":"en_US","og_type":"article","og_title":"German Design Award 2014 \u00bb","og_description":"elneos connect was honored with the German Design Award for its structural flexibility and extreme lightness.","og_url":"https:\/\/erfi-staging.seiten.co\/en\/about-erfi\/honors\/reddot-design-award-2013-2\/","og_site_name":"erfi","article_modified_time":"2025-08-12T09:34:27+00:00","og_image":[{"width":1316,"height":779,"url":"https:\/\/erfi-staging.seiten.co\/wp-content\/uploads\/2025\/05\/og-image.png","type":"image\/png"}],"twitter_card":"summary_large_image","schema":{"@context":"https:\/\/schema.org","@graph":[{"@type":"WebPage","@id":"https:\/\/erfi-staging.seiten.co\/en\/about-erfi\/honors\/reddot-design-award-2013-2\/","url":"https:\/\/erfi-staging.seiten.co\/en\/about-erfi\/honors\/reddot-design-award-2013-2\/","name":"German Design Award 2014 \u00bb","isPartOf":{"@id":"https:\/\/erfi-staging.seiten.co\/en\/#website"},"datePublished":"2025-08-12T09:07:26+00:00","dateModified":"2025-08-12T09:34:27+00:00","description":"elneos connect was honored with the German Design Award for its structural flexibility and extreme lightness.","breadcrumb":{"@id":"https:\/\/erfi-staging.seiten.co\/en\/about-erfi\/honors\/reddot-design-award-2013-2\/#breadcrumb"},"inLanguage":"en-US","potentialAction":[{"@type":"ReadAction","target":["https:\/\/erfi-staging.seiten.co\/en\/about-erfi\/honors\/reddot-design-award-2013-2\/"]}]},{"@type":"BreadcrumbList","@id":"https:\/\/erfi-staging.seiten.co\/en\/about-erfi\/honors\/reddot-design-award-2013-2\/#breadcrumb","itemListElement":[{"@type":"ListItem","position":1,"name":"Home","item":"https:\/\/erfi-staging.seiten.co\/en\/"},{"@type":"ListItem","position":2,"name":"about erfi","item":"https:\/\/erfi-staging.seiten.co\/en\/about-erfi\/"},{"@type":"ListItem","position":3,"name":"Honors","item":"https:\/\/erfi-staging.seiten.co\/en\/about-erfi\/honors\/"},{"@type":"ListItem","position":4,"name":"reddot Design Award 2013"}]},{"@type":"WebSite","@id":"https:\/\/erfi-staging.seiten.co\/en\/#website","url":"https:\/\/erfi-staging.seiten.co\/en\/","name":"Effiziente Komplettl\u00f6sungen f\u00fcr Ihr Labor \u00bb","description":"Innovative Arbeitsplatzsysteme, Lehrsysteme, Mess- und Pr\u00fcfger\u00e4te f\u00fcr Labor, Industrie und B\u00fcro. \u00dcberzeugen Sie sich von unserer Kompetenz!","alternateName":"Innovative Arbeitsplatzsysteme, Lehrsysteme, Mess- und Pr\u00fcfger\u00e4te f\u00fcr Labor, Industrie und B\u00fcro. \u00dcberzeugen Sie sich von unserer Kompetenz!","potentialAction":[{"@type":"SearchAction","target":{"@type":"EntryPoint","urlTemplate":"https:\/\/erfi-staging.seiten.co\/en\/?s={search_term_string}"},"query-input":{"@type":"PropertyValueSpecification","valueRequired":true,"valueName":"search_term_string"}}],"inLanguage":"en-US"}]}},"_links":{"self":[{"href":"https:\/\/erfi-staging.seiten.co\/en\/wp-json\/wp\/v2\/pages\/7704","targetHints":{"allow":["GET"]}}],"collection":[{"href":"https:\/\/erfi-staging.seiten.co\/en\/wp-json\/wp\/v2\/pages"}],"about":[{"href":"https:\/\/erfi-staging.seiten.co\/en\/wp-json\/wp\/v2\/types\/page"}],"author":[{"embeddable":true,"href":"https:\/\/erfi-staging.seiten.co\/en\/wp-json\/wp\/v2\/users\/2"}],"replies":[{"embeddable":true,"href":"https:\/\/erfi-staging.seiten.co\/en\/wp-json\/wp\/v2\/comments?post=7704"}],"version-history":[{"count":1,"href":"https:\/\/erfi-staging.seiten.co\/en\/wp-json\/wp\/v2\/pages\/7704\/revisions"}],"predecessor-version":[{"id":7705,"href":"https:\/\/erfi-staging.seiten.co\/en\/wp-json\/wp\/v2\/pages\/7704\/revisions\/7705"}],"up":[{"embeddable":true,"href":"https:\/\/erfi-staging.seiten.co\/en\/wp-json\/wp\/v2\/pages\/6319"}],"wp:attachment":[{"href":"https:\/\/erfi-staging.seiten.co\/en\/wp-json\/wp\/v2\/media?parent=7704"}],"curies":[{"name":"wp","href":"https:\/\/api.w.org\/{rel}","templated":true}]}}